{"id":2055,"date":"2023-12-29T12:42:15","date_gmt":"2023-12-29T11:42:15","guid":{"rendered":"https:\/\/stage.carloschwarzmann.de\/co\/produkt\/boris-aljinovic-erzaehlt-geschichten-von-toepfen-und-tieren\/"},"modified":"2024-04-10T15:44:49","modified_gmt":"2024-04-10T13:44:49","slug":"boris-aljinovic-erzaehlt-geschichten-von-toepfen-und-tieren","status":"publish","type":"product","link":"https:\/\/www.clair-obscur.de\/en\/produkt\/boris-aljinovic-erzaehlt-geschichten-von-toepfen-und-tieren\/","title":{"rendered":"Boris Aljinovic erz\u00e4hlt Geschichten von T\u00f6pfen und Tieren"},"content":{"rendered":"<p><b>Camille Saint-Sa\u00ebns<\/b>\u00a0\u00bbKarneval der Tiere\u00ab<br \/>\n<b>Bohuslav Martin\u016f<\/b>\u00a0\u00bbDie K\u00fcchenrevue\u00ab<br \/>\nArr. Christoph Enzel<br \/>\nTexte Boris Aljinovic<\/p>\n<h3>Audio Excerpts<\/h3>\n<div class=\"wp-playlist wp-audio-playlist wp-playlist-light\">\n\t\t\t<div class=\"wp-playlist-current-item\"><\/div>\n\t\t<audio controls=\"controls\" preload=\"none\" width=\"778\"\n\t\t\t><\/audio>\n\t<div class=\"wp-playlist-next\"><\/div>\n\t<div class=\"wp-playlist-prev\"><\/div>\n\t<noscript>\n\t<ol>\n\t\t<li><a href='https:\/\/www.clair-obscur.de\/wp-content\/uploads\/2024\/01\/12-Glass_-String-Quartet-no.-3-6.-Mishima-Closing.mp3'>Glass: String Quartet no. 3 - 6. Mishima Closing<\/a><\/li><li><a href='https:\/\/www.clair-obscur.de\/wp-content\/uploads\/2024\/01\/13-Der-Schwan.mp3'>Der Schwan<\/a><\/li><li><a href='https:\/\/www.clair-obscur.de\/wp-content\/uploads\/2024\/01\/14-Finale.mp3'>Finale<\/a><\/li><li><a href='https:\/\/www.clair-obscur.de\/wp-content\/uploads\/2024\/01\/20-Duell.mp3'>Duell<\/a><\/li><li><a href='https:\/\/www.clair-obscur.de\/wp-content\/uploads\/2024\/01\/22-Der-Trauermarsch.mp3'>Der Trauermarsch<\/a><\/li>\t<\/ol>\n\t<\/noscript>\n\t<script type=\"application\/json\" class=\"wp-playlist-script\">{\"type\":\"audio\",\"tracklist\":true,\"tracknumbers\":true,\"images\":true,\"artists\":true,\"tracks\":[{\"src\":\"https:\/\/www.clair-obscur.de\/wp-content\/uploads\/2024\/01\/12-Glass_-String-Quartet-no.-3-6.-Mishima-Closing.mp3\",\"type\":\"audio\/mpeg\",\"title\":\"Glass: String Quartet no. 3 - 6. Mishima Closing\",\"caption\":\"\",\"description\":\"\\u201eGlass: String Quartet no. 3 - 6. Mishima Closing\\u201c aus Clair-Obscur: Sounded von Clair-Obscur Saxophone Quartet. Ver\\u00f6ffentlicht: 2024. 12 verfolgen. Genre: Classical.\",\"meta\":{\"artist\":\"Clair-Obscur Saxophone Quartet\",\"album\":\"Clair-Obscur: Sounded\",\"genre\":\"Classical\",\"year\":\"2024\",\"length_formatted\":\"2:55\"},\"image\":{\"src\":\"https:\/\/www.clair-obscur.de\/wp-includes\/images\/media\/audio.svg\",\"width\":48,\"height\":64},\"thumb\":{\"src\":\"https:\/\/www.clair-obscur.de\/wp-includes\/images\/media\/audio.svg\",\"width\":48,\"height\":64}},{\"src\":\"https:\/\/www.clair-obscur.de\/wp-content\/uploads\/2024\/01\/13-Der-Schwan.mp3\",\"type\":\"audio\/mpeg\",\"title\":\"Der Schwan\",\"caption\":\"\",\"description\":\"\\u201eDer Schwan\\u201c aus Der Karneval Der Tiere Und Die K\\u00fcchenrevue von Boris Aljinovic Und Clair-Obscur. Ver\\u00f6ffentlicht: 2024. 13 verfolgen. Genre: Spoken &amp; Audio.\",\"meta\":{\"artist\":\"Boris Aljinovic Und Clair-Obscur\",\"album\":\"Der Karneval Der Tiere Und Die K\\u00fcchenrevue\",\"genre\":\"Spoken &amp; Audio\",\"year\":\"2024\",\"length_formatted\":\"3:20\"},\"image\":{\"src\":\"https:\/\/www.clair-obscur.de\/wp-includes\/images\/media\/audio.svg\",\"width\":48,\"height\":64},\"thumb\":{\"src\":\"https:\/\/www.clair-obscur.de\/wp-includes\/images\/media\/audio.svg\",\"width\":48,\"height\":64}},{\"src\":\"https:\/\/www.clair-obscur.de\/wp-content\/uploads\/2024\/01\/14-Finale.mp3\",\"type\":\"audio\/mpeg\",\"title\":\"Finale\",\"caption\":\"\",\"description\":\"\\u201eFinale\\u201c aus Der Karneval Der Tiere Und Die K\\u00fcchenrevue von Boris Aljinovic Und Clair-Obscur. Ver\\u00f6ffentlicht: 2024. 14 verfolgen. Genre: Spoken &amp; Audio.\",\"meta\":{\"artist\":\"Boris Aljinovic Und Clair-Obscur\",\"album\":\"Der Karneval Der Tiere Und Die K\\u00fcchenrevue\",\"genre\":\"Spoken &amp; Audio\",\"year\":\"2024\",\"length_formatted\":\"2:34\"},\"image\":{\"src\":\"https:\/\/www.clair-obscur.de\/wp-includes\/images\/media\/audio.svg\",\"width\":48,\"height\":64},\"thumb\":{\"src\":\"https:\/\/www.clair-obscur.de\/wp-includes\/images\/media\/audio.svg\",\"width\":48,\"height\":64}},{\"src\":\"https:\/\/www.clair-obscur.de\/wp-content\/uploads\/2024\/01\/20-Duell.mp3\",\"type\":\"audio\/mpeg\",\"title\":\"Duell\",\"caption\":\"\",\"description\":\"\\u201eDuell\\u201c aus Der Karneval Der Tiere Und Die K\\u00fcchenrevue von Boris Aljinovic Und Clair-Obscur. Ver\\u00f6ffentlicht: 2024. 20 verfolgen. Genre: Spoken &amp; Audio.\",\"meta\":{\"artist\":\"Boris Aljinovic Und Clair-Obscur\",\"album\":\"Der Karneval Der Tiere Und Die K\\u00fcchenrevue\",\"genre\":\"Spoken &amp; Audio\",\"year\":\"2024\",\"length_formatted\":\"3:20\"},\"image\":{\"src\":\"https:\/\/www.clair-obscur.de\/wp-includes\/images\/media\/audio.svg\",\"width\":48,\"height\":64},\"thumb\":{\"src\":\"https:\/\/www.clair-obscur.de\/wp-includes\/images\/media\/audio.svg\",\"width\":48,\"height\":64}},{\"src\":\"https:\/\/www.clair-obscur.de\/wp-content\/uploads\/2024\/01\/22-Der-Trauermarsch.mp3\",\"type\":\"audio\/mpeg\",\"title\":\"Der Trauermarsch\",\"caption\":\"\",\"description\":\"\\u201eDer Trauermarsch\\u201c aus Der Karneval Der Tiere Und Die K\\u00fcchenrevue von Boris Aljinovic Und Clair-Obscur. Ver\\u00f6ffentlicht: 2024. 22 verfolgen. Genre: Spoken &amp; Audio.\",\"meta\":{\"artist\":\"Boris Aljinovic Und Clair-Obscur\",\"album\":\"Der Karneval Der Tiere Und Die K\\u00fcchenrevue\",\"genre\":\"Spoken &amp; Audio\",\"year\":\"2024\",\"length_formatted\":\"3:23\"},\"image\":{\"src\":\"https:\/\/www.clair-obscur.de\/wp-includes\/images\/media\/audio.svg\",\"width\":48,\"height\":64},\"thumb\":{\"src\":\"https:\/\/www.clair-obscur.de\/wp-includes\/images\/media\/audio.svg\",\"width\":48,\"height\":64}}]}<\/script>\n<\/div>\n\t\n","protected":false},"excerpt":{"rendered":"<p>Camille Saint-Sa\u00ebns\u00a0\u00bbKarneval der Tiere\u00ab Bohuslav Martin\u016f\u00a0\u00bbDie K\u00fcchenrevue\u00ab Arr. Christoph Enzel Texte Boris Aljinovic Audio Excerpts<\/p>\n","protected":false},"featured_media":2037,"comment_status":"open","ping_status":"closed","template":"","meta":{"_acf_changed":false},"product_cat":[31],"product_tag":[],"class_list":{"0":"post-2055","1":"product","2":"type-product","3":"status-publish","4":"has-post-thumbnail","6":"product_cat-cd","8":"first","9":"instock","10":"taxable","11":"shipping-taxable","12":"purchasable","13":"product-type-simple"},"acf":[],"_links":{"self":[{"href":"https:\/\/www.clair-obscur.de\/en\/wp-json\/wp\/v2\/product\/2055","targetHints":{"allow":["GET"]}}],"collection":[{"href":"https:\/\/www.clair-obscur.de\/en\/wp-json\/wp\/v2\/product"}],"about":[{"href":"https:\/\/www.clair-obscur.de\/en\/wp-json\/wp\/v2\/types\/product"}],"replies":[{"embeddable":true,"href":"https:\/\/www.clair-obscur.de\/en\/wp-json\/wp\/v2\/comments?post=2055"}],"version-history":[{"count":0,"href":"https:\/\/www.clair-obscur.de\/en\/wp-json\/wp\/v2\/product\/2055\/revisions"}],"wp:featuredmedia":[{"embeddable":true,"href":"https:\/\/www.clair-obscur.de\/en\/wp-json\/wp\/v2\/media\/2037"}],"wp:attachment":[{"href":"https:\/\/www.clair-obscur.de\/en\/wp-json\/wp\/v2\/media?parent=2055"}],"wp:term":[{"taxonomy":"product_cat","embeddable":true,"href":"https:\/\/www.clair-obscur.de\/en\/wp-json\/wp\/v2\/product_cat?post=2055"},{"taxonomy":"product_tag","embeddable":true,"href":"https:\/\/www.clair-obscur.de\/en\/wp-json\/wp\/v2\/product_tag?post=2055"}],"curies":[{"name":"wp","href":"https:\/\/api.w.org\/{rel}","templated":true}]}}